{"id":2,"date":"2014-05-19T20:24:37","date_gmt":"2014-05-19T20:24:37","guid":{"rendered":"http:\/\/zupanijaujednomdanu.eu\/?page_id=2"},"modified":"2015-04-07T22:10:34","modified_gmt":"2015-04-07T20:10:34","slug":"primjer-stranice","status":"publish","type":"page","link":"https:\/\/zupanijaujednomdanu.eu\/?page_id=2","title":{"rendered":"O PROJEKTU"},"content":{"rendered":"<p style=\"text-align: justify;\"><img decoding=\"async\" loading=\"lazy\" class=\"aligncenter size-full wp-image-960\" src=\"https:\/\/zupanijaujednomdanu.eu\/wp-content\/uploads\/2014\/05\/TRAKICA.jpg\" alt=\"TRAKICA\" width=\"1678\" height=\"197\" srcset=\"https:\/\/zupanijaujednomdanu.eu\/wp-content\/uploads\/2014\/05\/TRAKICA.jpg 1678w, https:\/\/zupanijaujednomdanu.eu\/wp-content\/uploads\/2014\/05\/TRAKICA-150x17.jpg 150w, https:\/\/zupanijaujednomdanu.eu\/wp-content\/uploads\/2014\/05\/TRAKICA-300x35.jpg 300w, https:\/\/zupanijaujednomdanu.eu\/wp-content\/uploads\/2014\/05\/TRAKICA-1024x120.jpg 1024w, https:\/\/zupanijaujednomdanu.eu\/wp-content\/uploads\/2014\/05\/TRAKICA-960x112.jpg 960w, https:\/\/zupanijaujednomdanu.eu\/wp-content\/uploads\/2014\/05\/TRAKICA-1600x187.jpg 1600w\" sizes=\"(max-width: 1678px) 100vw, 1678px\" \/><\/p>\n<p style=\"text-align: justify;\">\u017dUPANIJA U JEDNOM DANU<\/p>\n<p style=\"text-align: justify;\">Fotosavez Primorsko-goranske \u017eupanije organizira snimanje cijelog teritorija Primorsko-goranske \u017eupanije dva puta godi\u0161nje pod nazivom \u201e\u017dUPANIJA U JEDNOM DANU\u201c. Pro\u0161le 2013. godine organizirali smo dva snimanja u prolje\u0107e i u jesen i od najboljih fotografija priredili smo izlo\u017ebu u Filodrammatici u Rijeci u mjesecu prosincu. Tom prigodom nagradili smo najbolje autore i \u0161kole. I ove godine slijedimo tu ideju proljetnog i jesenjeg snimanja na\u0161e \u017dupanije te postavljanjem izlo\u017ebe nakon drugog snimanja.\u00a0 Najbolje pojedince i \u0161kole nagra\u0111ujemo.<\/p>\n<p style=\"text-align: justify;\">\u017delimo da se u ovoj fotografskoj memoriji na\u0111u fotografije svakog mjesta, sela i zaseoka. Radi ove sveobuhvatnosti lokalno stanovni\u0161tvo ima veliku va\u017enost snimanja svoga kraja i odabira onoga \u0161to ono misli da je va\u017eno i vrijedno za njih i \u0161to treba biti u ovakvoj\u00a0 fotografskoj zbirci. Dakle, ne dolazi netko \u201esa strane\u201c, netko tko\u00a0 ne poznaje podru\u010dje i bira po nekom svom senzibilitetu motive i sadr\u017eaje,\u00a0 ve\u0107 to radi domicilno stanovni\u0161tvo. Pored dokumentarne vrijednosti i zna\u010daja ovog snimanja je i u tome \u0161to lokalno stanovni\u0161tvo sudjeluje i odlu\u010duje u stvaranju vizualne, fotografske memorije za budu\u0107e generacije.<\/p>\n<p style=\"text-align: justify;\">Snimaju se \u00a0prirodne ljepote, kulturno naslje\u0111e, rad i radni obi\u010daji koje \u00a0sami stanovnici \u00a0svoga kraja prepoznaju kao takve. Snimati mogu, pored lokalnog stanovni\u0161tva i svi ljudi koji se zateknu na dan snimanja u primorsko-goranskoj \u017eupaniji koji imaju fotografski aparat i koji prepoznaju ovu jedinstvenu prigodu.<\/p>\n<p style=\"text-align: justify;\">\u017delimo anga\u017eirati i dati va\u017enost mladim ljudima, i zato se \u00a0ovim dopisom obra\u0107amo i svim \u0161kolama na prostoru na\u0161e \u017dupanije. Po svom opsegu ovo je dosta zahtjevan i velik projekt iza kojega je u 2013. godini ostalo preko 1700 fotografija. I ove godine nastavljamo s prikupljanjem i arhiviranjem \u00a0fotodokumentacije o prirodnom i kulturnom habitusu na\u0161e \u017dupanije<\/p>\n<p style=\"text-align: justify;\">Hvala svim pro\u0161logodi\u0161njim sudionicima i o\u010dekujemo njihovo i njihovih prijatelja sudjelovanje i ove godine.<\/p>\n<p style=\"text-align: justify;\">Predsjednik Saveza:<br \/>\nBorislav Bo\u017ei\u0107, prof.<\/p>\n<p style=\"text-align: justify;\"><img decoding=\"async\" loading=\"lazy\" class=\"aligncenter size-full wp-image-962\" src=\"https:\/\/zupanijaujednomdanu.eu\/wp-content\/uploads\/2014\/05\/TRAKICA-2.jpg\" alt=\"TRAKICA 2\" width=\"1678\" height=\"197\" srcset=\"https:\/\/zupanijaujednomdanu.eu\/wp-content\/uploads\/2014\/05\/TRAKICA-2.jpg 1678w, https:\/\/zupanijaujednomdanu.eu\/wp-content\/uploads\/2014\/05\/TRAKICA-2-150x17.jpg 150w, https:\/\/zupanijaujednomdanu.eu\/wp-content\/uploads\/2014\/05\/TRAKICA-2-300x35.jpg 300w, https:\/\/zupanijaujednomdanu.eu\/wp-content\/uploads\/2014\/05\/TRAKICA-2-1024x120.jpg 1024w, https:\/\/zupanijaujednomdanu.eu\/wp-content\/uploads\/2014\/05\/TRAKICA-2-960x112.jpg 960w, https:\/\/zupanijaujednomdanu.eu\/wp-content\/uploads\/2014\/05\/TRAKICA-2-1600x187.jpg 1600w\" sizes=\"(max-width: 1678px) 100vw, 1678px\" \/><\/p>\n","protected":false},"excerpt":{"rendered":"<p>\u017dUPANIJA U JEDNOM DANU Fotosavez Primorsko-goranske \u017eupanije organizira snimanje cijelog teritorija Primorsko-goranske \u017eupanije dva puta godi\u0161nje pod nazivom \u201e\u017dUPANIJA U JEDNOM DANU\u201c. Pro\u0161le 2013. godine organizirali smo dva snimanja u prolje\u0107e i u jesen i od najboljih fotografija priredili smo<\/p>\n","protected":false},"author":1,"featured_media":0,"parent":0,"menu_order":0,"comment_status":"closed","ping_status":"open","template":"","meta":[],"_links":{"self":[{"href":"https:\/\/zupanijaujednomdanu.eu\/index.php?rest_route=\/wp\/v2\/pages\/2"}],"collection":[{"href":"https:\/\/zupanijaujednomdanu.eu\/index.php?rest_route=\/wp\/v2\/pages"}],"about":[{"href":"https:\/\/zupanijaujednomdanu.eu\/index.php?rest_route=\/wp\/v2\/types\/page"}],"author":[{"embeddable":true,"href":"https:\/\/zupanijaujednomdanu.eu\/index.php?rest_route=\/wp\/v2\/users\/1"}],"replies":[{"embeddable":true,"href":"https:\/\/zupanijaujednomdanu.eu\/index.php?rest_route=%2Fwp%2Fv2%2Fcomments&post=2"}],"version-history":[{"count":13,"href":"https:\/\/zupanijaujednomdanu.eu\/index.php?rest_route=\/wp\/v2\/pages\/2\/revisions"}],"predecessor-version":[{"id":1001,"href":"https:\/\/zupanijaujednomdanu.eu\/index.php?rest_route=\/wp\/v2\/pages\/2\/revisions\/1001"}],"wp:attachment":[{"href":"https:\/\/zupanijaujednomdanu.eu\/index.php?rest_route=%2Fwp%2Fv2%2Fmedia&parent=2"}],"curies":[{"name":"wp","href":"https:\/\/api.w.org\/{rel}","templated":true}]}}